{"id":1180,"date":"2025-01-30T15:14:10","date_gmt":"2025-01-30T14:14:10","guid":{"rendered":"https:\/\/www.ks-pm.de\/?page_id=1180"},"modified":"2025-01-29T13:12:02","modified_gmt":"2025-01-29T12:12:02","slug":"impressum","status":"publish","type":"page","link":"https:\/\/www.ks-pm.de\/de\/impressum\/","title":{"rendered":"Impressum"},"content":{"rendered":"\t\t<div data-elementor-type=\"wp-page\" data-elementor-id=\"1180\" class=\"elementor elementor-1180 elementor-1970\" data-elementor-post-type=\"page\">\n\t\t\t\t\t\t<section class=\"elementor-section elementor-top-section elementor-element elementor-element-6301b05 elementor-section-boxed elementor-section-height-default elementor-section-height-default\" data-id=\"6301b05\" data-element_type=\"section\" data-e-type=\"section\" data-settings=\"{&quot;jet_parallax_layout_list&quot;:[{&quot;jet_parallax_layout_image&quot;:{&quot;url&quot;:&quot;&quot;,&quot;id&quot;:&quot;&quot;,&quot;size&quot;:&quot;&quot;},&quot;_id&quot;:&quot;31bd1a5&quot;,&quot;jet_parallax_layout_image_tablet&quot;:{&quot;url&quot;:&quot;&quot;,&quot;id&quot;:&quot;&quot;,&quot;size&quot;:&quot;&quot;},&quot;jet_parallax_layout_image_mobile&quot;:{&quot;url&quot;:&quot;&quot;,&quot;id&quot;:&quot;&quot;,&quot;size&quot;:&quot;&quot;},&quot;jet_parallax_layout_speed&quot;:{&quot;unit&quot;:&quot;%&quot;,&quot;size&quot;:50,&quot;sizes&quot;:[]},&quot;jet_parallax_layout_type&quot;:&quot;scroll&quot;,&quot;jet_parallax_layout_direction&quot;:&quot;1&quot;,&quot;jet_parallax_layout_fx_direction&quot;:null,&quot;jet_parallax_layout_z_index&quot;:&quot;&quot;,&quot;jet_parallax_layout_bg_x&quot;:50,&quot;jet_parallax_layout_bg_x_tablet&quot;:&quot;&quot;,&quot;jet_parallax_layout_bg_x_mobile&quot;:&quot;&quot;,&quot;jet_parallax_layout_bg_y&quot;:50,&quot;jet_parallax_layout_bg_y_tablet&quot;:&quot;&quot;,&quot;jet_parallax_layout_bg_y_mobile&quot;:&quot;&quot;,&quot;jet_parallax_layout_bg_size&quot;:&quot;auto&quot;,&quot;jet_parallax_layout_bg_size_tablet&quot;:&quot;&quot;,&quot;jet_parallax_layout_bg_size_mobile&quot;:&quot;&quot;,&quot;jet_parallax_layout_animation_prop&quot;:&quot;transform&quot;,&quot;jet_parallax_layout_on&quot;:[&quot;desktop&quot;,&quot;tablet&quot;]}],&quot;background_background&quot;:&quot;gradient&quot;}\">\n\t\t\t\t\t\t\t<div class=\"elementor-background-overlay\"><\/div>\n\t\t\t\t\t\t\t<div class=\"elementor-container elementor-column-gap-no\">\n\t\t\t\t\t<div class=\"elementor-column elementor-col-100 elementor-top-column elementor-element elementor-element-d2e1baa\" data-id=\"d2e1baa\" data-element_type=\"column\" data-e-type=\"column\">\n\t\t\t<div class=\"elementor-widget-wrap elementor-element-populated\">\n\t\t\t\t\t\t<div class=\"elementor-element elementor-element-a84af55 elementor-widget elementor-widget-heading\" data-id=\"a84af55\" data-element_type=\"widget\" data-e-type=\"widget\" data-widget_type=\"heading.default\">\n\t\t\t\t<div class=\"elementor-widget-container\">\n\t\t\t\t\t<h1 class=\"elementor-heading-title elementor-size-default\">Impressum<\/h1>\t\t\t\t<\/div>\n\t\t\t\t<\/div>\n\t\t\t\t\t<\/div>\n\t\t<\/div>\n\t\t\t\t\t<\/div>\n\t\t<\/section>\n\t\t\t\t<section class=\"elementor-section elementor-top-section elementor-element elementor-element-845cc81 elementor-section-boxed elementor-section-height-default elementor-section-height-default\" data-id=\"845cc81\" data-element_type=\"section\" data-e-type=\"section\" data-settings=\"{&quot;jet_parallax_layout_list&quot;:[{&quot;jet_parallax_layout_image&quot;:{&quot;url&quot;:&quot;&quot;,&quot;id&quot;:&quot;&quot;,&quot;size&quot;:&quot;&quot;},&quot;_id&quot;:&quot;f6dfb2f&quot;,&quot;jet_parallax_layout_image_tablet&quot;:{&quot;url&quot;:&quot;&quot;,&quot;id&quot;:&quot;&quot;,&quot;size&quot;:&quot;&quot;},&quot;jet_parallax_layout_image_mobile&quot;:{&quot;url&quot;:&quot;&quot;,&quot;id&quot;:&quot;&quot;,&quot;size&quot;:&quot;&quot;},&quot;jet_parallax_layout_speed&quot;:{&quot;unit&quot;:&quot;%&quot;,&quot;size&quot;:50,&quot;sizes&quot;:[]},&quot;jet_parallax_layout_type&quot;:&quot;scroll&quot;,&quot;jet_parallax_layout_direction&quot;:&quot;1&quot;,&quot;jet_parallax_layout_fx_direction&quot;:null,&quot;jet_parallax_layout_z_index&quot;:&quot;&quot;,&quot;jet_parallax_layout_bg_x&quot;:50,&quot;jet_parallax_layout_bg_x_tablet&quot;:&quot;&quot;,&quot;jet_parallax_layout_bg_x_mobile&quot;:&quot;&quot;,&quot;jet_parallax_layout_bg_y&quot;:50,&quot;jet_parallax_layout_bg_y_tablet&quot;:&quot;&quot;,&quot;jet_parallax_layout_bg_y_mobile&quot;:&quot;&quot;,&quot;jet_parallax_layout_bg_size&quot;:&quot;auto&quot;,&quot;jet_parallax_layout_bg_size_tablet&quot;:&quot;&quot;,&quot;jet_parallax_layout_bg_size_mobile&quot;:&quot;&quot;,&quot;jet_parallax_layout_animation_prop&quot;:&quot;transform&quot;,&quot;jet_parallax_layout_on&quot;:[&quot;desktop&quot;,&quot;tablet&quot;]}]}\">\n\t\t\t\t\t\t<div class=\"elementor-container elementor-column-gap-no\">\n\t\t\t\t\t<div class=\"elementor-column elementor-col-100 elementor-top-column elementor-element elementor-element-299efcb\" data-id=\"299efcb\" data-element_type=\"column\" data-e-type=\"column\">\n\t\t\t<div class=\"elementor-widget-wrap elementor-element-populated\">\n\t\t\t\t\t\t<div class=\"elementor-element elementor-element-90f8bac elementor-widget elementor-widget-text-editor\" data-id=\"90f8bac\" data-element_type=\"widget\" data-e-type=\"widget\" data-widget_type=\"text-editor.default\">\n\t\t\t\t<div class=\"elementor-widget-container\">\n\t\t\t\t\t\t\t\t\t<div class=\"row\"><div class=\"col-main\"><div class=\"col-md-12\"><p class=\"box-b norm-txt\"><strong>Anbieterin <\/strong>dieser Internetseite ist:<\/p><p class=\"box-b norm-txt\"><strong>K&amp;S GmbH Projektmanagement<\/strong><br \/>Gesch\u00e4ftsanschrift: Knorrstr. 39, 80807 M\u00fcnchen<br \/>Tel.: +49 (0)89 3090 5880<\/p><p class=\"box-b norm-txt\"><strong>E-Mail-Adresse: info@ks-pm.de<\/strong><br \/>https:\/\/www.ks-pm.de\/<\/p><p class=\"box-b norm-txt\">Gesch\u00e4ftsf\u00fchrer: Dr. Richard Kahle, Dr. Matthias Unbehaun<br \/>Gesch\u00e4ftssitz: Amtsgericht Aachen, HRB 12018<\/p><p class=\"box-b norm-txt\">Verantwortlich f\u00fcr journalistisch-redaktionelle Inhalte i.S.d. \u00a7 18 Abs. 2 MStV:<br \/>Dr. Matthias Unbehaun<br \/>USt-Identnummer: DE 813768579<\/p><p class=\"box-b norm-txt\"><em>Hinweis f\u00fcr Verbraucher:<\/em><br \/>Plattform der Europ\u00e4ischen Kommission zur Online-Streitbeilegung (OS) f\u00fcr Verbraucher:\u00a0<a href=\"https:\/\/ec.europa.eu\/consumers\/odr\">https:\/\/ec.europa.eu\/consumers\/odr\/<\/a><br \/>Wir sind nicht bereit und nicht verpflichtet, an einem Streitbeilegungsverfahren vor einer Verbraucherschlichtungsstelle teilzunehmen.<\/p><\/div><\/div><\/div>\t\t\t\t\t\t\t\t<\/div>\n\t\t\t\t<\/div>\n\t\t\t\t\t<\/div>\n\t\t<\/div>\n\t\t\t\t\t<\/div>\n\t\t<\/section>\n\t\t\t\t<\/div>\n\t\t","protected":false},"excerpt":{"rendered":"<p>Impressum Anbieterin dieser Internetseite ist: K&amp;S GmbH ProjektmanagementGesch\u00e4ftsanschrift: Knorrstr. 39, 80807 M\u00fcnchenTel.: +49 (0)89 3090 5880 E-Mail-Adresse: info@ks-pm.dehttps:\/\/www.ks-pm.de\/ Gesch\u00e4ftsf\u00fchrer: Dr. Richard Kahle, Dr. Matthias UnbehaunGesch\u00e4ftssitz: Amtsgericht Aachen, HRB 12018 Verantwortlich f\u00fcr journalistisch-redaktionelle Inhalte i.S.d. \u00a7 18 Abs. 2 MStV:Dr. Matthias UnbehaunUSt-Identnummer: DE 813768579 Hinweis f\u00fcr Verbraucher:Plattform der Europ\u00e4ischen Kommission zur Online-Streitbeilegung (OS) f\u00fcr Verbraucher:\u00a0https:\/\/ec.europa.eu\/consumers\/odr\/Wir sind [&hellip;]<\/p>\n","protected":false},"author":1,"featured_media":0,"parent":0,"menu_order":0,"comment_status":"closed","ping_status":"closed","template":"full-width.php","meta":{"_acf_changed":false,"footnotes":""},"class_list":["post-1180","page","type-page","status-publish","hentry"],"acf":[],"yoast_head":"<!-- This site is optimized with the Yoast SEO plugin v27.5 - https:\/\/yoast.com\/product\/yoast-seo-wordpress\/ -->\n<title>K&amp;S GmbH Projektmanagement<\/title>\n<meta name=\"robots\" content=\"index, follow, max-snippet:-1, max-image-preview:large, max-video-preview:-1\" \/>\n<link rel=\"canonical\" href=\"https:\/\/www.ks-pm.de\/de\/impressum\/\" \/>\n<meta property=\"og:locale\" content=\"de_DE\" \/>\n<meta property=\"og:type\" content=\"article\" \/>\n<meta property=\"og:title\" content=\"K&amp;S GmbH Projektmanagement\" \/>\n<meta property=\"og:description\" content=\"Impressum Anbieterin dieser Internetseite ist: K&amp;S GmbH ProjektmanagementGesch\u00e4ftsanschrift: Knorrstr. 39, 80807 M\u00fcnchenTel.: +49 (0)89 3090 5880 E-Mail-Adresse: info@ks-pm.dehttps:\/\/www.ks-pm.de\/ Gesch\u00e4ftsf\u00fchrer: Dr. Richard Kahle, Dr. Matthias UnbehaunGesch\u00e4ftssitz: Amtsgericht Aachen, HRB 12018 Verantwortlich f\u00fcr journalistisch-redaktionelle Inhalte i.S.d. \u00a7 18 Abs. 2 MStV:Dr. Matthias UnbehaunUSt-Identnummer: DE 813768579 Hinweis f\u00fcr Verbraucher:Plattform der Europ\u00e4ischen Kommission zur Online-Streitbeilegung (OS) f\u00fcr Verbraucher:\u00a0https:\/\/ec.europa.eu\/consumers\/odr\/Wir sind [&hellip;]\" \/>\n<meta property=\"og:url\" content=\"https:\/\/www.ks-pm.de\/de\/impressum\/\" \/>\n<meta property=\"og:site_name\" content=\"K&amp;S Projektmanagement GmbH\" \/>\n<meta name=\"twitter:card\" content=\"summary_large_image\" \/>\n<meta name=\"twitter:label1\" content=\"Gesch\u00e4tzte Lesezeit\" \/>\n\t<meta name=\"twitter:data1\" content=\"1\u00a0Minute\" \/>\n<script type=\"application\/ld+json\" class=\"yoast-schema-graph\">{\"@context\":\"https:\\\/\\\/schema.org\",\"@graph\":[{\"@type\":\"WebPage\",\"@id\":\"https:\\\/\\\/www.ks-pm.de\\\/de\\\/impressum\\\/\",\"url\":\"https:\\\/\\\/www.ks-pm.de\\\/de\\\/impressum\\\/\",\"name\":\"K&S GmbH Projektmanagement\",\"isPartOf\":{\"@id\":\"https:\\\/\\\/www.ks-pm.de\\\/de\\\/#website\"},\"datePublished\":\"2025-01-30T14:14:10+00:00\",\"breadcrumb\":{\"@id\":\"https:\\\/\\\/www.ks-pm.de\\\/de\\\/impressum\\\/#breadcrumb\"},\"inLanguage\":\"de\",\"potentialAction\":[{\"@type\":\"ReadAction\",\"target\":[\"https:\\\/\\\/www.ks-pm.de\\\/de\\\/impressum\\\/\"]}]},{\"@type\":\"BreadcrumbList\",\"@id\":\"https:\\\/\\\/www.ks-pm.de\\\/de\\\/impressum\\\/#breadcrumb\",\"itemListElement\":[{\"@type\":\"ListItem\",\"position\":1,\"name\":\"Home\",\"item\":\"https:\\\/\\\/www.ks-pm.de\\\/de\\\/\"},{\"@type\":\"ListItem\",\"position\":2,\"name\":\"Impressum\"}]},{\"@type\":\"WebSite\",\"@id\":\"https:\\\/\\\/www.ks-pm.de\\\/de\\\/#website\",\"url\":\"https:\\\/\\\/www.ks-pm.de\\\/de\\\/\",\"name\":\"K&S Projektmanagement GmbH\",\"description\":\"Experts in funding project management\",\"publisher\":{\"@id\":\"https:\\\/\\\/www.ks-pm.de\\\/de\\\/#organization\"},\"alternateName\":\"K&S . GmbH\",\"potentialAction\":[{\"@type\":\"SearchAction\",\"target\":{\"@type\":\"EntryPoint\",\"urlTemplate\":\"https:\\\/\\\/www.ks-pm.de\\\/de\\\/?s={search_term_string}\"},\"query-input\":{\"@type\":\"PropertyValueSpecification\",\"valueRequired\":true,\"valueName\":\"search_term_string\"}}],\"inLanguage\":\"de\"},{\"@type\":\"Organization\",\"@id\":\"https:\\\/\\\/www.ks-pm.de\\\/de\\\/#organization\",\"name\":\"K&S Projektmanagement GmbH\",\"url\":\"https:\\\/\\\/www.ks-pm.de\\\/de\\\/\",\"logo\":{\"@type\":\"ImageObject\",\"inLanguage\":\"de\",\"@id\":\"https:\\\/\\\/www.ks-pm.de\\\/de\\\/#\\\/schema\\\/logo\\\/image\\\/\",\"url\":\"https:\\\/\\\/www.ks-pm.de\\\/wp-content\\\/uploads\\\/2024\\\/12\\\/K.S_Colour-Horizontal_WEB.png\",\"contentUrl\":\"https:\\\/\\\/www.ks-pm.de\\\/wp-content\\\/uploads\\\/2024\\\/12\\\/K.S_Colour-Horizontal_WEB.png\",\"width\":1462,\"height\":412,\"caption\":\"K&S Projektmanagement GmbH\"},\"image\":{\"@id\":\"https:\\\/\\\/www.ks-pm.de\\\/de\\\/#\\\/schema\\\/logo\\\/image\\\/\"},\"sameAs\":[\"https:\\\/\\\/www.linkedin.com\\\/company\\\/k-s-gmbh-projektmanagement\\\/\"]}]}<\/script>\n<!-- \/ Yoast SEO plugin. -->","yoast_head_json":{"title":"K&S GmbH Projektmanagement","robots":{"index":"index","follow":"follow","max-snippet":"max-snippet:-1","max-image-preview":"max-image-preview:large","max-video-preview":"max-video-preview:-1"},"canonical":"https:\/\/www.ks-pm.de\/de\/impressum\/","og_locale":"de_DE","og_type":"article","og_title":"K&S GmbH Projektmanagement","og_description":"Impressum Anbieterin dieser Internetseite ist: K&amp;S GmbH ProjektmanagementGesch\u00e4ftsanschrift: Knorrstr. 39, 80807 M\u00fcnchenTel.: +49 (0)89 3090 5880 E-Mail-Adresse: info@ks-pm.dehttps:\/\/www.ks-pm.de\/ Gesch\u00e4ftsf\u00fchrer: Dr. Richard Kahle, Dr. Matthias UnbehaunGesch\u00e4ftssitz: Amtsgericht Aachen, HRB 12018 Verantwortlich f\u00fcr journalistisch-redaktionelle Inhalte i.S.d. \u00a7 18 Abs. 2 MStV:Dr. Matthias UnbehaunUSt-Identnummer: DE 813768579 Hinweis f\u00fcr Verbraucher:Plattform der Europ\u00e4ischen Kommission zur Online-Streitbeilegung (OS) f\u00fcr Verbraucher:\u00a0https:\/\/ec.europa.eu\/consumers\/odr\/Wir sind [&hellip;]","og_url":"https:\/\/www.ks-pm.de\/de\/impressum\/","og_site_name":"K&amp;S Projektmanagement GmbH","twitter_card":"summary_large_image","twitter_misc":{"Gesch\u00e4tzte Lesezeit":"1\u00a0Minute"},"schema":{"@context":"https:\/\/schema.org","@graph":[{"@type":"WebPage","@id":"https:\/\/www.ks-pm.de\/de\/impressum\/","url":"https:\/\/www.ks-pm.de\/de\/impressum\/","name":"K&S GmbH Projektmanagement","isPartOf":{"@id":"https:\/\/www.ks-pm.de\/de\/#website"},"datePublished":"2025-01-30T14:14:10+00:00","breadcrumb":{"@id":"https:\/\/www.ks-pm.de\/de\/impressum\/#breadcrumb"},"inLanguage":"de","potentialAction":[{"@type":"ReadAction","target":["https:\/\/www.ks-pm.de\/de\/impressum\/"]}]},{"@type":"BreadcrumbList","@id":"https:\/\/www.ks-pm.de\/de\/impressum\/#breadcrumb","itemListElement":[{"@type":"ListItem","position":1,"name":"Home","item":"https:\/\/www.ks-pm.de\/de\/"},{"@type":"ListItem","position":2,"name":"Impressum"}]},{"@type":"WebSite","@id":"https:\/\/www.ks-pm.de\/de\/#website","url":"https:\/\/www.ks-pm.de\/de\/","name":"K&S Projektmanagement GmbH","description":"Experts in funding project management","publisher":{"@id":"https:\/\/www.ks-pm.de\/de\/#organization"},"alternateName":"K&S . GmbH","potentialAction":[{"@type":"SearchAction","target":{"@type":"EntryPoint","urlTemplate":"https:\/\/www.ks-pm.de\/de\/?s={search_term_string}"},"query-input":{"@type":"PropertyValueSpecification","valueRequired":true,"valueName":"search_term_string"}}],"inLanguage":"de"},{"@type":"Organization","@id":"https:\/\/www.ks-pm.de\/de\/#organization","name":"K&S Projektmanagement GmbH","url":"https:\/\/www.ks-pm.de\/de\/","logo":{"@type":"ImageObject","inLanguage":"de","@id":"https:\/\/www.ks-pm.de\/de\/#\/schema\/logo\/image\/","url":"https:\/\/www.ks-pm.de\/wp-content\/uploads\/2024\/12\/K.S_Colour-Horizontal_WEB.png","contentUrl":"https:\/\/www.ks-pm.de\/wp-content\/uploads\/2024\/12\/K.S_Colour-Horizontal_WEB.png","width":1462,"height":412,"caption":"K&S Projektmanagement GmbH"},"image":{"@id":"https:\/\/www.ks-pm.de\/de\/#\/schema\/logo\/image\/"},"sameAs":["https:\/\/www.linkedin.com\/company\/k-s-gmbh-projektmanagement\/"]}]}},"_links":{"self":[{"href":"https:\/\/www.ks-pm.de\/de\/wp-json\/wp\/v2\/pages\/1180","targetHints":{"allow":["GET"]}}],"collection":[{"href":"https:\/\/www.ks-pm.de\/de\/wp-json\/wp\/v2\/pages"}],"about":[{"href":"https:\/\/www.ks-pm.de\/de\/wp-json\/wp\/v2\/types\/page"}],"author":[{"embeddable":true,"href":"https:\/\/www.ks-pm.de\/de\/wp-json\/wp\/v2\/users\/1"}],"replies":[{"embeddable":true,"href":"https:\/\/www.ks-pm.de\/de\/wp-json\/wp\/v2\/comments?post=1180"}],"version-history":[{"count":13,"href":"https:\/\/www.ks-pm.de\/de\/wp-json\/wp\/v2\/pages\/1180\/revisions"}],"predecessor-version":[{"id":1919,"href":"https:\/\/www.ks-pm.de\/de\/wp-json\/wp\/v2\/pages\/1180\/revisions\/1919"}],"wp:attachment":[{"href":"https:\/\/www.ks-pm.de\/de\/wp-json\/wp\/v2\/media?parent=1180"}],"curies":[{"name":"wp","href":"https:\/\/api.w.org\/{rel}","templated":true}]}}